{"id":15726,"date":"2024-07-14T07:51:15","date_gmt":"2024-07-14T05:51:15","guid":{"rendered":"https:\/\/fundequate.com\/rozwiazania\/"},"modified":"2025-12-25T10:56:46","modified_gmt":"2025-12-25T09:56:46","slug":"rozwiazania","status":"publish","type":"page","link":"https:\/\/fundequate.com\/pl\/rozwiazania","title":{"rendered":"Rozwi\u0105zania"},"content":{"rendered":"\t\t<div data-elementor-type=\"wp-page\" data-elementor-id=\"15726\" class=\"elementor elementor-15726\" data-elementor-post-type=\"page\">\n\t\t\t\t<div class=\"elementor-element elementor-element-80969c4 e-flex e-con-boxed e-con e-parent\" data-id=\"80969c4\" data-element_type=\"container\">\n\t\t\t\t\t<div class=\"e-con-inner\">\n\t\t<div class=\"elementor-element elementor-element-d724081 e-con-full e-flex e-con e-child\" data-id=\"d724081\" data-element_type=\"container\">\n\t\t\t\t<div class=\"elementor-element elementor-element-3c1a96d elementor-widget__width-initial elementor-widget elementor-widget-heading\" data-id=\"3c1a96d\" data-element_type=\"widget\" data-widget_type=\"heading.default\">\n\t\t\t\t<div class=\"elementor-widget-container\">\n\t\t\t\t\t<h1 class=\"elementor-heading-title elementor-size-default\">Nasze Rozwi\u0105zania<\/h1>\t\t\t\t<\/div>\n\t\t\t\t<\/div>\n\t\t\t\t<div class=\"elementor-element elementor-element-f4609c3 elementor-widget__width-initial elementor-widget elementor-widget-heading\" data-id=\"f4609c3\" data-element_type=\"widget\" data-widget_type=\"heading.default\">\n\t\t\t\t<div class=\"elementor-widget-container\">\n\t\t\t\t\t<h5 class=\"elementor-heading-title elementor-size-default\">Oferujemy platform\u0119 do administrowania i zarz\u0105dzania funduszem VC\/PE, syndykatem, sp\u00f3\u0142kami celowymi i fundacjami rodzinnymi. Zapoznaj si\u0119 ze wszystkimi naszymi produktami, aby zobaczy\u0107, w jaki spos\u00f3b mo\u017cemy zaspokoi\u0107 Twoje potrzeby. <\/h5>\t\t\t\t<\/div>\n\t\t\t\t<\/div>\n\t\t\t\t<\/div>\n\t\t<div class=\"elementor-element elementor-element-46954fe e-con-full e-flex e-con e-child\" data-id=\"46954fe\" data-element_type=\"container\">\n\t\t\t\t<\/div>\n\t\t\t\t\t<\/div>\n\t\t\t\t<\/div>\n\t\t<div class=\"elementor-element elementor-element-4a49af32 e-flex e-con-boxed e-con e-parent\" data-id=\"4a49af32\" data-element_type=\"container\">\n\t\t\t\t\t<div class=\"e-con-inner\">\n\t\t\t\t<div class=\"elementor-element elementor-element-7b475196 elementor-cta--layout-image-right elementor-cta--valign-middle elementor-cta--mobile-layout-image-above elementor-cta--skin-classic elementor-animated-content elementor-widget elementor-widget-call-to-action\" data-id=\"7b475196\" data-element_type=\"widget\" id=\"service_1\" data-widget_type=\"call-to-action.default\">\n\t\t\t\t<div class=\"elementor-widget-container\">\n\t\t\t\t\t\t\t<div class=\"elementor-cta\">\n\t\t\t\t\t<div class=\"elementor-cta__bg-wrapper\">\n\t\t\t\t<div class=\"elementor-cta__bg elementor-bg\" style=\"background-image: url(https:\/\/fundequate.com\/wp-content\/uploads\/2024\/09\/Aifm_800_500-2.png);\" role=\"img\" aria-label=\"Alternative Investment Fund _AIFM\"><\/div>\n\t\t\t\t<div class=\"elementor-cta__bg-overlay\"><\/div>\n\t\t\t<\/div>\n\t\t\t\t\t\t\t<div class=\"elementor-cta__content\">\n\t\t\t\t\n\t\t\t\t\t\t\t\t\t<h4 class=\"elementor-cta__title elementor-cta__content-item elementor-content-item\">\n\t\t\t\t\t\tZarz\u0105dzaj\u0105cy alternatywnymi funduszami inwestycyjnymi (ZAFI)\t\t\t\t\t<\/h4>\n\t\t\t\t\n\t\t\t\t\t\t\t\t\t<div class=\"elementor-cta__description elementor-cta__content-item elementor-content-item\">\n\t\t\t\t\t\t<p>Specjalizujemy si\u0119 w strukturyzacji funduszy, rejestracji, bie\u017c\u0105cej administracji, domicylacji, reprezentacji dyrektor\u00f3w, ksi\u0119gowo\u015bci, opodatkowaniu i sprawozdawczo\u015bci. Nasza dedykowana platforma jest dostosowana do wspierania ZAFI dzia\u0142aj\u0105cych w Europie, u\u0142atwiaj\u0105c sprawne pozyskiwanie kapita\u0142u, wdra\u017canie inwestor\u00f3w, kompleksowe monitorowanie kapita\u0142u i portfela, a tak\u017ce p\u0142ynn\u0105 sprawozdawczo\u015b\u0107 regulacyjn\u0105 i ustawow\u0105. <\/p>\n\t\t\t\t\t<\/div>\n\t\t\t\t\n\t\t\t\t\t\t\t\t\t<div class=\"elementor-cta__button-wrapper elementor-cta__content-item elementor-content-item \">\n\t\t\t\t\t<a class=\"elementor-cta__button elementor-button elementor-size-md\" href=\"https:\/\/fundequate.com\/solutions\/alternatives\">\n\t\t\t\t\t\tZarz\u0105dzaj\u0105cy VC\/PE\t\t\t\t\t<\/a>\n\t\t\t\t\t<\/div>\n\t\t\t\t\t\t\t<\/div>\n\t\t\t\t\t\t<\/div>\n\t\t\t\t\t\t<\/div>\n\t\t\t\t<\/div>\n\t\t\t\t<div class=\"elementor-element elementor-element-4a6e221 elementor-cta--layout-image-left elementor-cta--valign-middle elementor-cta--mobile-layout-image-above elementor-cta--skin-classic elementor-animated-content elementor-widget elementor-widget-call-to-action\" data-id=\"4a6e221\" data-element_type=\"widget\" id=\"service_2\" data-widget_type=\"call-to-action.default\">\n\t\t\t\t<div class=\"elementor-widget-container\">\n\t\t\t\t\t\t\t<div class=\"elementor-cta\">\n\t\t\t\t\t<div class=\"elementor-cta__bg-wrapper\">\n\t\t\t\t<div class=\"elementor-cta__bg elementor-bg\" style=\"background-image: url(https:\/\/fundequate.com\/wp-content\/uploads\/2024\/09\/Syndcicates-SCSp_800_500.png);\" role=\"img\" aria-label=\"Syndictes based on\nLuxembourg SCSp\"><\/div>\n\t\t\t\t<div class=\"elementor-cta__bg-overlay\"><\/div>\n\t\t\t<\/div>\n\t\t\t\t\t\t\t<div class=\"elementor-cta__content\">\n\t\t\t\t\n\t\t\t\t\t\t\t\t\t<h4 class=\"elementor-cta__title elementor-cta__content-item elementor-content-item\">\n\t\t\t\t\t\tSyndykat Inwestycyjny Anio\u0142\u00f3w Biznesu\t\t\t\t\t<\/h4>\n\t\t\t\t\n\t\t\t\t\t\t\t\t\t<div class=\"elementor-cta__description elementor-cta__content-item elementor-content-item\">\n\t\t\t\t\t\t<p>Zapewniamy przejrzyste podatkowo luksemburskie platformy SCSp, zarz\u0105dzane i obs\u0142ugiwane przez platform\u0119 Fundequate. Nasze kompleksowe us\u0142ugi usprawniaj\u0105 ca\u0142y cykl \u017cycia inwestycji, od pozyskiwania kapita\u0142u i wdra\u017cania inwestor\u00f3w po monitorowanie inwestycji. Liderzy konsorcjum korzystaj\u0105 z p\u0142ynnego zarz\u0105dzania pojazdami, w tym wydajnej ksi\u0119gowo\u015bci, raportowania i rozlicze\u0144.  <\/p>\n\t\t\t\t\t<\/div>\n\t\t\t\t\n\t\t\t\t\t\t\t\t\t<div class=\"elementor-cta__button-wrapper elementor-cta__content-item elementor-content-item \">\n\t\t\t\t\t<a class=\"elementor-cta__button elementor-button elementor-size-md\" href=\"https:\/\/fundequate.com\/solutions\/syndicates\">\n\t\t\t\t\t\tSyndykat Inwestycyjny\t\t\t\t\t<\/a>\n\t\t\t\t\t<\/div>\n\t\t\t\t\t\t\t<\/div>\n\t\t\t\t\t\t<\/div>\n\t\t\t\t\t\t<\/div>\n\t\t\t\t<\/div>\n\t\t\t\t<div class=\"elementor-element elementor-element-38fca0c1 elementor-cta--layout-image-right elementor-cta--valign-middle elementor-cta--mobile-layout-image-above elementor-cta--skin-classic elementor-animated-content elementor-widget elementor-widget-call-to-action\" data-id=\"38fca0c1\" data-element_type=\"widget\" id=\"service_3\" data-widget_type=\"call-to-action.default\">\n\t\t\t\t<div class=\"elementor-widget-container\">\n\t\t\t\t\t\t\t<div class=\"elementor-cta\">\n\t\t\t\t\t<div class=\"elementor-cta__bg-wrapper\">\n\t\t\t\t<div class=\"elementor-cta__bg elementor-bg\" style=\"background-image: url(https:\/\/fundequate.com\/wp-content\/uploads\/2024\/09\/Family-office_800_500.png);\" role=\"img\" aria-label=\"Syndictes based on Luxembourg SCSp, Fundacje rodzinne w Luksemburgu\"><\/div>\n\t\t\t\t<div class=\"elementor-cta__bg-overlay\"><\/div>\n\t\t\t<\/div>\n\t\t\t\t\t\t\t<div class=\"elementor-cta__content\">\n\t\t\t\t\n\t\t\t\t\t\t\t\t\t<h4 class=\"elementor-cta__title elementor-cta__content-item elementor-content-item\">\n\t\t\t\t\t\tFundacje Rodzinne i Zarz\u0105dzaj\u0105cy maj\u0105tkiem\t\t\t\t\t<\/h4>\n\t\t\t\t\n\t\t\t\t\t\t\t\t\t<div class=\"elementor-cta__description elementor-cta__content-item elementor-content-item\">\n\t\t\t\t\t\t<p>Zapewniamy zarz\u0105dzaj\u0105cym maj\u0105tkiem pe\u0142en pakiet rozwi\u0105za\u0144, od us\u0142ug biura rodzinnego po przejrzyste podatkowo luksemburskie wehiku\u0142y SCSp, wszystkie zarz\u0105dzane za po\u015brednictwem platformy Fundequate. Nasza oferta obejmuje strukturyzacj\u0119 inwestycji, wdra\u017canie kapita\u0142u i monitorowanie portfela, zapewniaj\u0105c wydajn\u0105 administracj\u0119, dok\u0142adn\u0105 ksi\u0119gowo\u015b\u0107, sprawozdawczo\u015b\u0107 regulacyjn\u0105 i bezpieczne przetwarzanie rozlicze\u0144 w celu uzyskania optymalnych wynik\u00f3w inwestycyjnych. <\/p>\n\t\t\t\t\t<\/div>\n\t\t\t\t\n\t\t\t\t\t\t\t\t\t<div class=\"elementor-cta__button-wrapper elementor-cta__content-item elementor-content-item \">\n\t\t\t\t\t<a class=\"elementor-cta__button elementor-button elementor-size-md\" href=\"https:\/\/fundequate.com\/solutions\/families\">\n\t\t\t\t\t\tFundacje Rodzinne\t\t\t\t\t<\/a>\n\t\t\t\t\t<\/div>\n\t\t\t\t\t\t\t<\/div>\n\t\t\t\t\t\t<\/div>\n\t\t\t\t\t\t<\/div>\n\t\t\t\t<\/div>\n\t\t\t\t<div class=\"elementor-element elementor-element-4b6cc7cf elementor-cta--layout-image-left elementor-cta--valign-middle elementor-cta--mobile-layout-image-above elementor-cta--skin-classic elementor-animated-content elementor-widget elementor-widget-call-to-action\" data-id=\"4b6cc7cf\" data-element_type=\"widget\" id=\"service_4\" data-widget_type=\"call-to-action.default\">\n\t\t\t\t<div class=\"elementor-widget-container\">\n\t\t\t\t\t\t\t<div class=\"elementor-cta\">\n\t\t\t\t\t<div class=\"elementor-cta__bg-wrapper\">\n\t\t\t\t<div class=\"elementor-cta__bg elementor-bg\" style=\"background-image: url(https:\/\/fundequate.com\/wp-content\/uploads\/2024\/09\/Investment-vehicules-SPVs-800_500.png);\" role=\"img\" aria-label=\"Investment vehicles operating as SPVs\"><\/div>\n\t\t\t\t<div class=\"elementor-cta__bg-overlay\"><\/div>\n\t\t\t<\/div>\n\t\t\t\t\t\t\t<div class=\"elementor-cta__content\">\n\t\t\t\t\n\t\t\t\t\t\t\t\t\t<h4 class=\"elementor-cta__title elementor-cta__content-item elementor-content-item\">\n\t\t\t\t\t\tWehiku\u0142y inwestycyjne w formie SPV\t\t\t\t\t<\/h4>\n\t\t\t\t\n\t\t\t\t\t\t\t\t\t<div class=\"elementor-cta__description elementor-cta__content-item elementor-content-item\">\n\t\t\t\t\t\t<p>Zapewniamy kompleksowe wsparcie dla podmiot\u00f3w inwestycyjnych dzia\u0142aj\u0105cych jako sp\u00f3\u0142ki celowe (SPV), zarz\u0105dzaj\u0105c ca\u0142ym cyklem \u017cycia inwestycji. Nasze us\u0142ugi obejmuj\u0105 dostosowan\u0105 struktur\u0119 SPV w celu odizolowania ryzyka finansowego, efektywne pozyskiwanie kapita\u0142u na ukierunkowane projekty oraz bie\u017c\u0105ce zarz\u0105dzanie portfelem w celu optymalizacji wynik\u00f3w. Dzi\u0119ki naszej specjalistycznej wiedzy, sp\u00f3\u0142ki celowe korzystaj\u0105 z usprawnionej administracji, precyzyjnej ksi\u0119gowo\u015bci, zgodno\u015bci z przepisami i bezpiecznego przetwarzania rozlicze\u0144, co pozwala skupi\u0107 si\u0119 na osi\u0105ganiu cel\u00f3w finansowych przy jednoczesnej minimalizacji odpowiedzialno\u015bci.  <\/p>\n\t\t\t\t\t<\/div>\n\t\t\t\t\n\t\t\t\t\t\t\t\t\t<div class=\"elementor-cta__button-wrapper elementor-cta__content-item elementor-content-item \">\n\t\t\t\t\t<a class=\"elementor-cta__button elementor-button elementor-size-md\" href=\"https:\/\/fundequate.com\/solutions\/corporates\">\n\t\t\t\t\t\tSp\u00f3\u0142ki celowe (SPV)\t\t\t\t\t<\/a>\n\t\t\t\t\t<\/div>\n\t\t\t\t\t\t\t<\/div>\n\t\t\t\t\t\t<\/div>\n\t\t\t\t\t\t<\/div>\n\t\t\t\t<\/div>\n\t\t\t\t<div class=\"elementor-element elementor-element-6aedf27 elementor-cta--layout-image-right elementor-cta--valign-middle elementor-cta--mobile-layout-image-above elementor-cta--skin-classic elementor-animated-content elementor-widget elementor-widget-call-to-action\" data-id=\"6aedf27\" data-element_type=\"widget\" id=\"service_5\" data-widget_type=\"call-to-action.default\">\n\t\t\t\t<div class=\"elementor-widget-container\">\n\t\t\t\t\t\t\t<div class=\"elementor-cta\">\n\t\t\t\t\t<div class=\"elementor-cta__bg-wrapper\">\n\t\t\t\t<div class=\"elementor-cta__bg elementor-bg\" style=\"background-image: url(https:\/\/fundequate.com\/wp-content\/uploads\/2024\/09\/White-label-Investor-Portal_800_500.png);\" role=\"img\" aria-label=\"Limited Partners monitoring their investments\"><\/div>\n\t\t\t\t<div class=\"elementor-cta__bg-overlay\"><\/div>\n\t\t\t<\/div>\n\t\t\t\t\t\t\t<div class=\"elementor-cta__content\">\n\t\t\t\t\n\t\t\t\t\t\t\t\t\t<h4 class=\"elementor-cta__title elementor-cta__content-item elementor-content-item\">\n\t\t\t\t\t\tInwestorzy poszukuj\u0105cy projekt\u00f3w inwestycyjnych\t\t\t\t\t<\/h4>\n\t\t\t\t\n\t\t\t\t\t\t\t\t\t<div class=\"elementor-cta__description elementor-cta__content-item elementor-content-item\">\n\t\t\t\t\t\t<p>Oferujemy rozwi\u0105zania dostosowane do potrzeb inwestor\u00f3w poszukuj\u0105cych mo\u017cliwo\u015bci inwestycyjnych i skutecznego monitorowania portfela. Nasza platforma zapewnia dost\u0119p do ekskluzywnych transakcji i wgl\u0105d niezb\u0119dny do podejmowania \u015bwiadomych decyzji. Dzi\u0119ki zaawansowanym narz\u0119dziom do \u015bledzenia w czasie rzeczywistym i analizy wynik\u00f3w, mo\u017cesz by\u0107 na bie\u017c\u0105co ze swoimi inwestycjami, jednocze\u015bnie korzystaj\u0105c z naszej wiedzy w zakresie zarz\u0105dzania ryzykiem i zgodno\u015bci z przepisami. Takie dopasowanie zapewnia, \u017ce Twoja strategia inwestycyjna spe\u0142nia Twoje cele finansowe, umo\u017cliwiaj\u0105c Ci maksymalizacj\u0119 zysk\u00f3w i pewn\u0105 nawigacj\u0119 po zmieniaj\u0105cym si\u0119 krajobrazie rynkowym.   <\/p>\n\t\t\t\t\t<\/div>\n\t\t\t\t\n\t\t\t\t\t\t\t\t\t<div class=\"elementor-cta__button-wrapper elementor-cta__content-item elementor-content-item \">\n\t\t\t\t\t<a class=\"elementor-cta__button elementor-button elementor-size-md\" href=\"https:\/\/fundequate.com\/solutions\/investors\">\n\t\t\t\t\t\tInwestorzy\t\t\t\t\t<\/a>\n\t\t\t\t\t<\/div>\n\t\t\t\t\t\t\t<\/div>\n\t\t\t\t\t\t<\/div>\n\t\t\t\t\t\t<\/div>\n\t\t\t\t<\/div>\n\t\t\t\t<div class=\"elementor-element elementor-element-4ec96f2 elementor-cta--layout-image-left elementor-cta--valign-middle elementor-cta--mobile-layout-image-above elementor-cta--skin-classic elementor-animated-content elementor-widget elementor-widget-call-to-action\" data-id=\"4ec96f2\" data-element_type=\"widget\" data-widget_type=\"call-to-action.default\">\n\t\t\t\t<div class=\"elementor-widget-container\">\n\t\t\t\t\t\t\t<div class=\"elementor-cta\">\n\t\t\t\t\t<div class=\"elementor-cta__bg-wrapper\">\n\t\t\t\t<div class=\"elementor-cta__bg elementor-bg\" style=\"background-image: url(https:\/\/fundequate.com\/wp-content\/uploads\/2024\/09\/Portfolio-reporting_800_500-1.png);\" role=\"img\" aria-label=\"Portfolio Companies reporting to Investors\"><\/div>\n\t\t\t\t<div class=\"elementor-cta__bg-overlay\"><\/div>\n\t\t\t<\/div>\n\t\t\t\t\t\t\t<div class=\"elementor-cta__content\">\n\t\t\t\t\n\t\t\t\t\t\t\t\t\t<h4 class=\"elementor-cta__title elementor-cta__content-item elementor-content-item\">\n\t\t\t\t\t\tSp\u00f3\u0142ki portfelowe raportuj\u0105ce do inwestor\u00f3w\t\t\t\t\t<\/h4>\n\t\t\t\t\n\t\t\t\t\t\t\t\t\t<div class=\"elementor-cta__description elementor-cta__content-item elementor-content-item\">\n\t\t\t\t\t\t<p>Fundequate upraszcza raportowanie dla sp\u00f3\u0142ek portfelowych, zapewniaj\u0105c przejrzyst\u0105 komunikacj\u0119 z inwestorami. Nasza platforma zapewnia \u015bledzenie w czasie rzeczywistym wska\u017anik\u00f3w wydajno\u015bci i wynik\u00f3w finansowych, umo\u017cliwiaj\u0105c podejmowanie \u015bwiadomych decyzji. Dzi\u0119ki konfigurowalnym narz\u0119dziom raportowania pomagamy sp\u00f3\u0142kom portfelowym wzmocni\u0107 relacje z inwestorami poprzez terminowe aktualizacje oparte na danych.  <\/p>\n\t\t\t\t\t<\/div>\n\t\t\t\t\n\t\t\t\t\t\t\t\t\t<div class=\"elementor-cta__button-wrapper elementor-cta__content-item elementor-content-item \">\n\t\t\t\t\t<a class=\"elementor-cta__button elementor-button elementor-size-md\" href=\"https:\/\/fundequate.com\/solutions\/startups\">\n\t\t\t\t\t\tSp\u00f3\u0142ki portfelowe\t\t\t\t\t<\/a>\n\t\t\t\t\t<\/div>\n\t\t\t\t\t\t\t<\/div>\n\t\t\t\t\t\t<\/div>\n\t\t\t\t\t\t<\/div>\n\t\t\t\t<\/div>\n\t\t\t\t\t<\/div>\n\t\t\t\t<\/div>\n\t\t<div class=\"elementor-element elementor-element-51b4dfd e-con-full e-flex e-con e-parent\" data-id=\"51b4dfd\" data-element_type=\"container\" data-settings=\"{&quot;background_background&quot;:&quot;gradient&quot;}\">\n\t\t<div class=\"elementor-element elementor-element-f8bf973 e-con-full e-flex e-con e-child\" data-id=\"f8bf973\" data-element_type=\"container\" data-settings=\"{&quot;background_background&quot;:&quot;classic&quot;}\">\n\t\t\t\t<div class=\"elementor-element elementor-element-6943e18 elementor-widget elementor-widget-image\" data-id=\"6943e18\" data-element_type=\"widget\" data-widget_type=\"image.default\">\n\t\t\t\t<div class=\"elementor-widget-container\">\n\t\t\t\t\t\t\t\t\t\t\t\t\t\t\t<img decoding=\"async\" src=\"https:\/\/fundequate.com\/wp-content\/uploads\/elementor\/thumbs\/ASI_Alternatywna-Spolka-Inwestycyjna-qw8pyarfqbwy4omhm2bmltbjkyoje971c51erxmp40.png\" title=\"ASI_Alternatywna Sp\u00f3lka Inwestycyjna\" alt=\"ASI_Alternatywna Sp\u00f3lka Inwestycyjna\" loading=\"lazy\" \/>\t\t\t\t\t\t\t\t\t\t\t\t\t\t\t<\/div>\n\t\t\t\t<\/div>\n\t\t\t\t<\/div>\n\t\t<div class=\"elementor-element elementor-element-3d9e4b5 e-con-full e-flex e-con e-child\" data-id=\"3d9e4b5\" data-element_type=\"container\" data-settings=\"{&quot;background_background&quot;:&quot;classic&quot;}\">\n\t\t<div class=\"elementor-element elementor-element-eafaef7 e-con-full e-flex e-con e-child\" data-id=\"eafaef7\" data-element_type=\"container\">\n\t\t\t\t<div class=\"elementor-element elementor-element-1940639 elementor-widget elementor-widget-heading\" data-id=\"1940639\" data-element_type=\"widget\" data-widget_type=\"heading.default\">\n\t\t\t\t<div class=\"elementor-widget-container\">\n\t\t\t\t\t<h1 class=\"elementor-heading-title elementor-size-default\">Zastanawiasz si\u0119 nad doborem odpowiedniego rozwi\u0105zania dla Twojego biznesu inwestycyjnego?<\/h1>\t\t\t\t<\/div>\n\t\t\t\t<\/div>\n\t\t\t\t<div class=\"elementor-element elementor-element-c89bb47 elementor-widget elementor-widget-text-editor\" data-id=\"c89bb47\" data-element_type=\"widget\" data-widget_type=\"text-editor.default\">\n\t\t\t\t<div class=\"elementor-widget-container\">\n\t\t\t\t\t\t\t\t\t<p>Rozumiemy, jak z\u0142o\u017cony mo\u017ce by\u0107 proces podejmowania decyzji podczas planowania nowego instrumentu inwestycyjnego. Nasze do\u015bwiadczenie w tej dziedzinie pozwala nam poprowadzi\u0107 Ci\u0119 przez ka\u017cdy etap procesu, zapewniaj\u0105c Ci pewno\u015b\u0107 dokonywania \u015bwiadomych wybor\u00f3w. <\/p>\n\t\t\t\t\t\t\t\t<\/div>\n\t\t\t\t<\/div>\n\t\t\t\t<\/div>\n\t\t<div class=\"elementor-element elementor-element-0ca9a9b e-con-full e-flex e-con e-child\" data-id=\"0ca9a9b\" data-element_type=\"container\">\n\t\t\t\t<div class=\"elementor-element elementor-element-839ce88 elementor-align-left elementor-widget elementor-widget-button\" data-id=\"839ce88\" data-element_type=\"widget\" data-widget_type=\"button.default\">\n\t\t\t\t<div class=\"elementor-widget-container\">\n\t\t\t\t\t\t\t\t\t<div class=\"elementor-button-wrapper\">\n\t\t\t\t\t<a class=\"elementor-button elementor-button-link elementor-size-sm\" href=\"https:\/\/fundequate.pipedrive.com\/scheduler\/KkRaMRIR\/fundequate-demo-consultation\" target=\"_blank\" rel=\"noopener\">\n\t\t\t\t\t\t<span class=\"elementor-button-content-wrapper\">\n\t\t\t\t\t\t\t\t\t<span class=\"elementor-button-text\">Um\u00f3w konsultacj\u0119 lub spotkanie<\/span>\n\t\t\t\t\t<\/span>\n\t\t\t\t\t<\/a>\n\t\t\t\t<\/div>\n\t\t\t\t\t\t\t\t<\/div>\n\t\t\t\t<\/div>\n\t\t\t\t<div class=\"elementor-element elementor-element-50fdf9b elementor-align-left elementor-widget elementor-widget-button\" data-id=\"50fdf9b\" data-element_type=\"widget\" data-widget_type=\"button.default\">\n\t\t\t\t<div class=\"elementor-widget-container\">\n\t\t\t\t\t\t\t\t\t<div class=\"elementor-button-wrapper\">\n\t\t\t\t\t<a class=\"elementor-button elementor-button-link elementor-size-sm\" href=\"https:\/\/fundequate.com\/pl\/kontakt\">\n\t\t\t\t\t\t<span class=\"elementor-button-content-wrapper\">\n\t\t\t\t\t\t\t\t\t<span class=\"elementor-button-text\">Skontaktuj si\u0119 z nami<\/span>\n\t\t\t\t\t<\/span>\n\t\t\t\t\t<\/a>\n\t\t\t\t<\/div>\n\t\t\t\t\t\t\t\t<\/div>\n\t\t\t\t<\/div>\n\t\t\t\t<\/div>\n\t\t\t\t<\/div>\n\t\t\t\t<\/div>\n\t\t\t\t<\/div>\n\t\t","protected":false},"excerpt":{"rendered":"<p>Nasze Rozwi\u0105zania Oferujemy platform\u0119 do administrowania i zarz\u0105dzania funduszem VC\/PE, syndykatem, sp\u00f3\u0142kami celowymi i fundacjami rodzinnymi. Zapoznaj si\u0119 ze wszystkimi naszymi produktami, aby zobaczy\u0107, w jaki spos\u00f3b mo\u017cemy zaspokoi\u0107 Twoje potrzeby. Zarz\u0105dzaj\u0105cy alternatywnymi funduszami inwestycyjnymi (ZAFI) Specjalizujemy si\u0119 w strukturyzacji funduszy, rejestracji, bie\u017c\u0105cej administracji, domicylacji, reprezentacji dyrektor\u00f3w, ksi\u0119gowo\u015bci, opodatkowaniu i sprawozdawczo\u015bci. Nasza dedykowana platforma jest&hellip; <a class=\"more-link\" href=\"https:\/\/fundequate.com\/pl\/rozwiazania\">Czytaj dalej <span class=\"screen-reader-text\">Rozwi\u0105zania<\/span><\/a><\/p>\n","protected":false},"author":1,"featured_media":14013,"parent":0,"menu_order":0,"comment_status":"closed","ping_status":"closed","template":"elementor_header_footer","meta":{"inline_featured_image":false,"footnotes":""},"class_list":["post-15726","page","type-page","status-publish","has-post-thumbnail","hentry","entry"],"_links":{"self":[{"href":"https:\/\/fundequate.com\/pl\/wp-json\/wp\/v2\/pages\/15726","targetHints":{"allow":["GET"]}}],"collection":[{"href":"https:\/\/fundequate.com\/pl\/wp-json\/wp\/v2\/pages"}],"about":[{"href":"https:\/\/fundequate.com\/pl\/wp-json\/wp\/v2\/types\/page"}],"author":[{"embeddable":true,"href":"https:\/\/fundequate.com\/pl\/wp-json\/wp\/v2\/users\/1"}],"replies":[{"embeddable":true,"href":"https:\/\/fundequate.com\/pl\/wp-json\/wp\/v2\/comments?post=15726"}],"version-history":[{"count":7,"href":"https:\/\/fundequate.com\/pl\/wp-json\/wp\/v2\/pages\/15726\/revisions"}],"predecessor-version":[{"id":19981,"href":"https:\/\/fundequate.com\/pl\/wp-json\/wp\/v2\/pages\/15726\/revisions\/19981"}],"wp:featuredmedia":[{"embeddable":true,"href":"https:\/\/fundequate.com\/pl\/wp-json\/wp\/v2\/media\/14013"}],"wp:attachment":[{"href":"https:\/\/fundequate.com\/pl\/wp-json\/wp\/v2\/media?parent=15726"}],"curies":[{"name":"wp","href":"https:\/\/api.w.org\/{rel}","templated":true}]}}