{"id":8037,"date":"2024-07-11T22:53:37","date_gmt":"2024-07-11T20:53:37","guid":{"rendered":"https:\/\/serwer2032994.home.pl\/autoinstalator\/wordpress16\/polityka-prywatnosci\/"},"modified":"2024-12-28T20:42:20","modified_gmt":"2024-12-28T19:42:20","slug":"polityka-prywatnosci","status":"publish","type":"page","link":"https:\/\/fundequate.com\/pl\/polityka-prywatnosci","title":{"rendered":"Polityka prywatno\u015bci"},"content":{"rendered":"\t\t<div data-elementor-type=\"wp-page\" data-elementor-id=\"8037\" class=\"elementor elementor-8037\" data-elementor-post-type=\"page\">\n\t\t\t\t<div class=\"elementor-element elementor-element-0e85d55 e-con-full e-flex e-con e-parent\" data-id=\"0e85d55\" data-element_type=\"container\">\n\t\t<div class=\"elementor-element elementor-element-d9b7960 e-con-full e-flex e-con e-child\" data-id=\"d9b7960\" data-element_type=\"container\">\n\t\t\t\t<div class=\"elementor-element elementor-element-83bb26a elementor-widget elementor-widget-heading\" data-id=\"83bb26a\" data-element_type=\"widget\" data-widget_type=\"heading.default\">\n\t\t\t\t<div class=\"elementor-widget-container\">\n\t\t\t\t\t<h1 class=\"elementor-heading-title elementor-size-default\">Polityka prywatno\u015bci Fundequate<\/h1>\t\t\t\t<\/div>\n\t\t\t\t<\/div>\n\t\t\t\t<div class=\"elementor-element elementor-element-7ce0cc4 elementor-widget elementor-widget-text-editor\" data-id=\"7ce0cc4\" data-element_type=\"widget\" data-widget_type=\"text-editor.default\">\n\t\t\t\t<div class=\"elementor-widget-container\">\n\t\t\t\t\t\t\t\t\t<p>\u00a0<\/p><p><strong>Fundequate Sarl-S oraz Fundequate Poland Sp. z o.o.<\/strong><\/p><ol><li><strong>Administratorzy Danych Osobowych<\/strong><br \/>Administratorem Pani\/Pana danych osobowych s\u0105:<\/li><\/ol><ul><li><strong>Fundequate Sarl-S<\/strong>, z siedzib\u0105 w Luksemburgu (kod pocztowy: L-1933), ul. 2 Rue Siggy vu Letzebuerg, wpisana do rejestru przedsi\u0119biorc\u00f3w pod numerem B250530, NIP: LU33194160 (\u201eAdministrator 1\u201d), oraz<\/li><li><strong>Fundequate Poland Sp. z o.o.<\/strong>, z siedzib\u0105 w Pu\u0142awach (kod pocztowy: 24-110), ul. Ignacego Mo\u015bcickiego 1, wpisana do rejestru przedsi\u0119biorc\u00f3w pod numerem KRS 0000857510, NIP: 9462699803 (\u201eAdministrator 2\u201d).<\/li><\/ul><p>Dane osobowe s\u0105 przetwarzane zgodnie z Rozporz\u0105dzeniem Parlamentu Europejskiego i Rady (UE) 2016\/679 z dnia 27 kwietnia 2016 r. (\u201eRODO\u201d) oraz polskimi przepisami prawa, w tym ustaw\u0105 z dnia 10 maja 2018 r. o ochronie danych osobowych.<\/p><ol start=\"2\"><li><strong>Cele przetwarzania danych osobowych oraz okres ich przechowywania<\/strong><br \/>Dane osobowe s\u0105 przetwarzane w nast\u0119puj\u0105cych celach:<br \/>a) <strong>\u015awiadczenie us\u0142ug<\/strong> \u2013 w celu realizacji us\u0142ug oferowanych przez platform\u0119 Fundequate oraz nawi\u0105zywania wsp\u00f3\u0142pracy biznesowej, do czasu zako\u0144czenia \u015bwiadczenia tych us\u0142ug lub wycofania zgody.<br \/>b) <strong>Rekrutacja<\/strong> \u2013 w celu przeprowadzenia proces\u00f3w rekrutacyjnych dla Fundequate Sarl-S lub Fundequate Poland Sp. z o.o.<br \/>c) <strong>Marketing i informacje<\/strong> \u2013 w celu informowania o aktualnych dzia\u0142aniach i wydarzeniach zwi\u0105zanych z platform\u0105.<br \/>d) <strong>Przeciwdzia\u0142anie praniu pieni\u0119dzy<\/strong> \u2013 zgodnie z wymogami ustawy AML.<\/li><\/ol><p><strong>Okres przechowywania danych:<\/strong><\/p><ul><li>Do zako\u0144czenia obowi\u0105zywania umowy lub realizacji celu, dla kt\u00f3rego dane zosta\u0142y zebrane.<\/li><li>Do czasu wyga\u015bni\u0119cia zobowi\u0105za\u0144 prawnych wynikaj\u0105cych z przepis\u00f3w prawa.<\/li><li>Do momentu wniesienia sprzeciwu lub wycofania zgody na przetwarzanie danych.<\/li><\/ul><ol start=\"3\"><li><strong>Odbiorcy danych osobowych<\/strong><br \/>Dane osobowe mog\u0105 by\u0107 udost\u0119pniane:<\/li><\/ol><ul><li>Pracownikom i wsp\u00f3\u0142pracownikom upowa\u017cnionym do ich przetwarzania w imieniu Fundequate Sarl-S oraz Fundequate Poland Sp. z o.o.<\/li><li>Podmiotom trzecim na podstawie um\u00f3w powierzenia danych, w tym dostawcom us\u0142ug IT, analitycznych oraz prawnych.<\/li><\/ul><p>Dane osobowe nie b\u0119d\u0105 przekazywane do pa\u0144stw trzecich spoza Europejskiego Obszaru Gospodarczego.<\/p><ol start=\"4\"><li><strong>Prawa os\u00f3b, kt\u00f3rych dane dotycz\u0105<\/strong><br \/>Ka\u017cdej osobie przys\u0142uguje prawo do:<\/li><\/ol><ul><li>Dost\u0119pu do swoich danych osobowych.<\/li><li>Sprostowania i aktualizacji danych.<\/li><li>Usuni\u0119cia danych (\u201eprawo do bycia zapomnianym\u201d).<\/li><li>Ograniczenia przetwarzania danych.<\/li><li>Wniesienia sprzeciwu wobec przetwarzania danych.<\/li><li>Przenoszenia danych osobowych.<\/li><\/ul><p>Dane mo\u017cna zaktualizowa\u0107 lub wycofa\u0107 zgod\u0119 poprzez:<\/p><ul><li><strong>Formularz kontaktowy:<\/strong> dost\u0119pny pod adresem <a href=\"https:\/\/fundequate.com\/pl\/kontakt\/\" target=\"_new\" rel=\"noopener\">https:\/\/fundequate.com\/pl\/kontakt\/<\/a>,<\/li><li><strong>E-mail:<\/strong> wys\u0142anie wiadomo\u015bci na adres <a rel=\"noopener\">contact@fundequate.com<\/a>.<\/li><\/ul><p>W przypadku naruszenia przepis\u00f3w o ochronie danych osobowych przys\u0142uguje prawo wniesienia skargi do Prezesa Urz\u0119du Ochrony Danych Osobowych (PUODO).<\/p><ol start=\"5\"><li><p><strong>Przekazywanie danych podmiotom trzecim<\/strong><br \/>Dane osobowe mog\u0105 by\u0107 przekazywane jedynie na podstawie obowi\u0105zuj\u0105cych przepis\u00f3w prawa lub zawartych um\u00f3w powierzenia przetwarzania danych. Podmioty te s\u0105 zobowi\u0105zane do zapewnienia poufno\u015bci i ochrony przetwarzanych danych.<\/p><\/li><li><p><strong>Zautomatyzowane przetwarzanie i profilowanie<\/strong><br \/>Dane osobowe nie s\u0105 i nie b\u0119d\u0105 podlega\u0107 zautomatyzowanemu przetwarzaniu, w tym profilowaniu.<\/p><\/li><li><p><strong>Dane kontaktowe<\/strong><br \/>Wszelkie pytania dotycz\u0105ce polityki prywatno\u015bci lub przetwarzania danych osobowych mo\u017cna kierowa\u0107 poprzez:<\/p><\/li><\/ol><ul><li><strong>Formularz kontaktowy:<\/strong> <a href=\"https:\/\/fundequate.com\/pl\/kontakt\/\" target=\"_new\" rel=\"noopener\">https:\/\/fundequate.com\/pl\/kontakt\/<\/a><\/li><\/ul><p>\u00a0<\/p>\t\t\t\t\t\t\t\t<\/div>\n\t\t\t\t<\/div>\n\t\t\t\t<\/div>\n\t\t\t\t<\/div>\n\t\t<div class=\"elementor-element elementor-element-3f0e5da e-flex e-con-boxed e-con e-parent\" data-id=\"3f0e5da\" data-element_type=\"container\" data-settings=\"{&quot;background_background&quot;:&quot;classic&quot;}\">\n\t\t\t\t\t<div class=\"e-con-inner\">\n\t\t<div class=\"elementor-element elementor-element-a7a7b2c e-con-full e-flex e-con e-child\" data-id=\"a7a7b2c\" data-element_type=\"container\">\n\t\t\t\t<div class=\"elementor-element elementor-element-3926634 elementor-widget elementor-widget-heading\" data-id=\"3926634\" data-element_type=\"widget\" data-widget_type=\"heading.default\">\n\t\t\t\t<div class=\"elementor-widget-container\">\n\t\t\t\t\t<h2 class=\"elementor-heading-title elementor-size-default\">Zacznij korzysta\u0107 z Fundequate<\/h2>\t\t\t\t<\/div>\n\t\t\t\t<\/div>\n\t\t\t\t<div class=\"elementor-element elementor-element-7f6dd7c elementor-widget elementor-widget-text-editor\" data-id=\"7f6dd7c\" data-element_type=\"widget\" data-widget_type=\"text-editor.default\">\n\t\t\t\t<div class=\"elementor-widget-container\">\n\t\t\t\t\t\t\t\t\t<p>Um\u00f3w demo i dowiedz si\u0119, jak Fundequate mo\u017ce wesprze\u0107 Tw\u00f3j biznes inwestycyjny.<\/p>\n\t\t\t\t\t\t\t\t<\/div>\n\t\t\t\t<\/div>\n\t\t\t\t<div class=\"elementor-element elementor-element-16204aa elementor-widget-mobile__width-inherit elementor-mobile-align-left elementor-widget elementor-widget-button\" data-id=\"16204aa\" data-element_type=\"widget\" data-widget_type=\"button.default\">\n\t\t\t\t<div class=\"elementor-widget-container\">\n\t\t\t\t\t\t\t\t\t<div class=\"elementor-button-wrapper\">\n\t\t\t\t\t<a class=\"elementor-button elementor-button-link elementor-size-sm\" href=\"https:\/\/fundequate.com\/solutions\">\n\t\t\t\t\t\t<span class=\"elementor-button-content-wrapper\">\n\t\t\t\t\t\t\t\t\t<span class=\"elementor-button-text\">Um\u00f3w demo<\/span>\n\t\t\t\t\t<\/span>\n\t\t\t\t\t<\/a>\n\t\t\t\t<\/div>\n\t\t\t\t\t\t\t\t<\/div>\n\t\t\t\t<\/div>\n\t\t\t\t<\/div>\n\t\t<div class=\"elementor-element elementor-element-20a1849 e-con-full e-flex e-con e-child\" data-id=\"20a1849\" data-element_type=\"container\">\n\t\t\t\t<div class=\"elementor-element elementor-element-9f388b5 elementor-widget elementor-widget-image\" data-id=\"9f388b5\" data-element_type=\"widget\" data-widget_type=\"image.default\">\n\t\t\t\t<div class=\"elementor-widget-container\">\n\t\t\t\t\t\t\t\t\t\t\t\t\t\t\t<img fetchpriority=\"high\" decoding=\"async\" width=\"5124\" height=\"3034\" src=\"https:\/\/fundequate.com\/wp-content\/uploads\/2024\/09\/Get-started-Fundequate-2.png\" class=\"attachment-full size-full wp-image-4594\" alt=\"\" srcset=\"https:\/\/fundequate.com\/wp-content\/uploads\/2024\/09\/Get-started-Fundequate-2.png 5124w, https:\/\/fundequate.com\/wp-content\/uploads\/2024\/09\/Get-started-Fundequate-2-300x178.png 300w, https:\/\/fundequate.com\/wp-content\/uploads\/2024\/09\/Get-started-Fundequate-2-1024x606.png 1024w, https:\/\/fundequate.com\/wp-content\/uploads\/2024\/09\/Get-started-Fundequate-2-768x455.png 768w, https:\/\/fundequate.com\/wp-content\/uploads\/2024\/09\/Get-started-Fundequate-2-1536x909.png 1536w, https:\/\/fundequate.com\/wp-content\/uploads\/2024\/09\/Get-started-Fundequate-2-2048x1213.png 2048w, https:\/\/fundequate.com\/wp-content\/uploads\/2024\/09\/Get-started-Fundequate-2-1568x928.png 1568w\" sizes=\"(max-width: 5124px) 100vw, 5124px\" style=\"width:100%;height:59.21%;max-width:5124px\" \/>\t\t\t\t\t\t\t\t\t\t\t\t\t\t\t<\/div>\n\t\t\t\t<\/div>\n\t\t\t\t<\/div>\n\t\t\t\t\t<\/div>\n\t\t\t\t<\/div>\n\t\t\t\t<\/div>\n\t\t","protected":false},"excerpt":{"rendered":"<p>Polityka prywatno\u015bci Fundequate \u00a0 Fundequate Sarl-S oraz Fundequate Poland Sp. z o.o. Administratorzy Danych OsobowychAdministratorem Pani\/Pana danych osobowych s\u0105: Fundequate Sarl-S, z siedzib\u0105 w Luksemburgu (kod pocztowy: L-1933), ul. 2 Rue Siggy vu Letzebuerg, wpisana do rejestru przedsi\u0119biorc\u00f3w pod numerem B250530, NIP: LU33194160 (\u201eAdministrator 1\u201d), oraz Fundequate Poland Sp. z o.o., z siedzib\u0105 w Pu\u0142awach&hellip; <a class=\"more-link\" href=\"https:\/\/fundequate.com\/pl\/polityka-prywatnosci\">Czytaj dalej <span class=\"screen-reader-text\">Polityka prywatno\u015bci<\/span><\/a><\/p>\n","protected":false},"author":1,"featured_media":13392,"parent":0,"menu_order":0,"comment_status":"closed","ping_status":"closed","template":"elementor_header_footer","meta":{"inline_featured_image":false,"footnotes":""},"class_list":["post-8037","page","type-page","status-publish","has-post-thumbnail","hentry","entry"],"_links":{"self":[{"href":"https:\/\/fundequate.com\/pl\/wp-json\/wp\/v2\/pages\/8037","targetHints":{"allow":["GET"]}}],"collection":[{"href":"https:\/\/fundequate.com\/pl\/wp-json\/wp\/v2\/pages"}],"about":[{"href":"https:\/\/fundequate.com\/pl\/wp-json\/wp\/v2\/types\/page"}],"author":[{"embeddable":true,"href":"https:\/\/fundequate.com\/pl\/wp-json\/wp\/v2\/users\/1"}],"replies":[{"embeddable":true,"href":"https:\/\/fundequate.com\/pl\/wp-json\/wp\/v2\/comments?post=8037"}],"version-history":[{"count":18,"href":"https:\/\/fundequate.com\/pl\/wp-json\/wp\/v2\/pages\/8037\/revisions"}],"predecessor-version":[{"id":16461,"href":"https:\/\/fundequate.com\/pl\/wp-json\/wp\/v2\/pages\/8037\/revisions\/16461"}],"wp:featuredmedia":[{"embeddable":true,"href":"https:\/\/fundequate.com\/pl\/wp-json\/wp\/v2\/media\/13392"}],"wp:attachment":[{"href":"https:\/\/fundequate.com\/pl\/wp-json\/wp\/v2\/media?parent=8037"}],"curies":[{"name":"wp","href":"https:\/\/api.w.org\/{rel}","templated":true}]}}